{"id":744,"date":"2024-06-10T10:26:05","date_gmt":"2024-06-10T10:26:05","guid":{"rendered":"https:\/\/btc-training.eu\/research\/"},"modified":"2024-06-27T07:24:37","modified_gmt":"2024-06-27T07:24:37","slug":"research","status":"publish","type":"page","link":"https:\/\/btc-training.eu\/sv\/research\/","title":{"rendered":"Rapporter"},"content":{"rendered":"\t\t<div data-elementor-type=\"wp-page\" data-elementor-id=\"744\" class=\"elementor elementor-744 elementor-714\">\n\t\t\t\t\t\t\t<div class=\"elementor-element elementor-element-fa22f66 e-con-full e-flex e-con e-parent\" data-id=\"fa22f66\" data-element_type=\"container\" data-settings=\"{&quot;content_width&quot;:&quot;full&quot;,&quot;background_background&quot;:&quot;classic&quot;}\" data-core-v316-plus=\"true\">\n\t\t<div class=\"elementor-element elementor-element-7464f6f e-flex e-con-boxed e-con e-child\" data-id=\"7464f6f\" data-element_type=\"container\" data-settings=\"{&quot;content_width&quot;:&quot;boxed&quot;}\">\n\t\t\t\t\t<div class=\"e-con-inner\">\n\t\t\t\t<div class=\"elementor-element elementor-element-3f9ff16 elementor-widget elementor-widget-heading\" data-id=\"3f9ff16\" data-element_type=\"widget\" data-widget_type=\"heading.default\">\n\t\t\t\t<div class=\"elementor-widget-container\">\n\t\t\t<style>\/*! elementor - v3.18.0 - 20-12-2023 *\/\n.elementor-heading-title{padding:0;margin:0;line-height:1}.elementor-widget-heading .elementor-heading-title[class*=elementor-size-]>a{color:inherit;font-size:inherit;line-height:inherit}.elementor-widget-heading .elementor-heading-title.elementor-size-small{font-size:15px}.elementor-widget-heading .elementor-heading-title.elementor-size-medium{font-size:19px}.elementor-widget-heading .elementor-heading-title.elementor-size-large{font-size:29px}.elementor-widget-heading .elementor-heading-title.elementor-size-xl{font-size:39px}.elementor-widget-heading .elementor-heading-title.elementor-size-xxl{font-size:59px}<\/style><h2 class=\"elementor-heading-title elementor-size-default\">Rapporter <\/h2>\t\t<\/div>\n\t\t\t\t<\/div>\n\t\t\t\t\t<\/div>\n\t\t\t\t<\/div>\n\t\t\t\t<\/div>\n\t\t<div class=\"elementor-element elementor-element-d54950d e-flex e-con-boxed e-con e-parent\" data-id=\"d54950d\" data-element_type=\"container\" data-settings=\"{&quot;content_width&quot;:&quot;boxed&quot;}\" data-core-v316-plus=\"true\">\n\t\t\t\t\t<div class=\"e-con-inner\">\n\t\t<div class=\"elementor-element elementor-element-fc80b30 e-flex e-con-boxed e-con e-child\" data-id=\"fc80b30\" data-element_type=\"container\" data-settings=\"{&quot;content_width&quot;:&quot;boxed&quot;}\">\n\t\t\t\t\t<div class=\"e-con-inner\">\n\t\t\t\t<div class=\"elementor-element elementor-element-9c24d50 elementor-widget elementor-widget-text-editor\" data-id=\"9c24d50\" data-element_type=\"widget\" data-widget_type=\"text-editor.default\">\n\t\t\t\t<div class=\"elementor-widget-container\">\n\t\t\t<style>\/*! elementor - v3.18.0 - 20-12-2023 *\/\n.elementor-widget-text-editor.elementor-drop-cap-view-stacked .elementor-drop-cap{background-color:#69727d;color:#fff}.elementor-widget-text-editor.elementor-drop-cap-view-framed .elementor-drop-cap{color:#69727d;border:3px solid;background-color:transparent}.elementor-widget-text-editor:not(.elementor-drop-cap-view-default) .elementor-drop-cap{margin-top:8px}.elementor-widget-text-editor:not(.elementor-drop-cap-view-default) .elementor-drop-cap-letter{width:1em;height:1em}.elementor-widget-text-editor .elementor-drop-cap{float:left;text-align:center;line-height:1;font-size:50px}.elementor-widget-text-editor .elementor-drop-cap-letter{display:inline-block}<\/style>\t\t\t\t<p><strong>Utbildningsutmaningar och initiativ relaterade till ungdomars frig\u00f6relse och aktivt medborgarskap i Sverige, Spanien och Grekland &#8211; En litteratur\u00f6versikt<\/strong><\/p><p>Denna grundliga litteraturgenomg\u00e5ng utforskar systematiskt utbildningsutmaningar och initiativ relaterade till ungdomars frig\u00f6relse och aktivt medborgarskap i Sverige, Spanien och Grekland. Studien f\u00f6rdjupar sig i sk\u00e4rningspunkten mellan ungdomsentrepren\u00f6rskap, tidig skolg\u00e5ng och utvecklingen av 2000-talets f\u00e4rdigheter inom ramen f\u00f6r aktivt medborgarskap i dessa nationer. De hinder som hindrar ungdomsf\u00f6retagande \u00e4r bland annat samh\u00e4lleliga attityder och kompetensklyftor. Rekommendationer inkluderar att fr\u00e4mja starka industri-akademiska partnerskap, kontinuerligt f\u00f6rb\u00e4ttra l\u00e4roplaner och genomf\u00f6ra riktad forskning inriktad p\u00e5 specifika demografiska grupper. Litteratur\u00f6versikten ger v\u00e4rdefulla insikter om aktivt medborgarskap, med betoning p\u00e5 demokratiskt samarbete, balansen mellan r\u00e4ttigheter och skyldigheter och de d\u00e4rav f\u00f6ljande positiva effekterna p\u00e5 sociala och milj\u00f6m\u00e4ssiga omr\u00e5den. Utmaningar som NEET-individer st\u00e5r inf\u00f6r \u00e4r n\u00e4ra kopplade till klassrumsproblematik och ekonomiska l\u00e5gkonjunkturer.<\/p>\t\t\t\t\t\t<\/div>\n\t\t\t\t<\/div>\n\t\t\t\t<div class=\"elementor-element elementor-element-19703cb elementor-widget elementor-widget-button\" data-id=\"19703cb\" data-element_type=\"widget\" data-widget_type=\"button.default\">\n\t\t\t\t<div class=\"elementor-widget-container\">\n\t\t\t\t\t<div class=\"elementor-button-wrapper\">\n\t\t\t<a class=\"elementor-button elementor-button-link elementor-size-md\" href=\"https:\/\/drive.google.com\/file\/d\/1tfhn1YdS7cUve192zcgbs6gVbm3NwdxV\/view?usp=drive_link\" target=\"_blank\">\n\t\t\t\t\t\t<span class=\"elementor-button-content-wrapper\">\n\t\t\t\t\t\t<span class=\"elementor-button-text\">F\u00f6r att l\u00e4sa v\u00e5r Gemensamma Litteratur\u00f6versikt, tryck h\u00e4r <\/span>\n\t\t<\/span>\n\t\t\t\t\t<\/a>\n\t\t<\/div>\n\t\t\t\t<\/div>\n\t\t\t\t<\/div>\n\t\t\t\t\t<\/div>\n\t\t\t\t<\/div>\n\t\t\t\t\t<\/div>\n\t\t\t\t<\/div>\n\t\t\t\t\t\t\t<\/div>\n\t\t","protected":false},"excerpt":{"rendered":"<p>Rapporter Utbildningsutmaningar och initiativ relaterade till ungdomars frig\u00f6relse och aktivt medborgarskap i Sverige, Spanien och Grekland &#8211; En litteratur\u00f6versikt Denna grundliga litteraturgenomg\u00e5ng utforskar systematiskt utbildningsutmaningar och initiativ relaterade till ungdomars frig\u00f6relse och aktivt medborgarskap i Sverige, Spanien och Grekland. Studien f\u00f6rdjupar sig i sk\u00e4rningspunkten mellan ungdomsentrepren\u00f6rskap, tidig skolg\u00e5ng och utvecklingen av 2000-talets f\u00e4rdigheter inom ramen [&hellip;]<\/p>\n","protected":false},"author":1,"featured_media":0,"parent":0,"menu_order":0,"comment_status":"closed","ping_status":"closed","template":"","meta":{"footnotes":""},"class_list":["post-744","page","type-page","status-publish","hentry"],"_links":{"self":[{"href":"https:\/\/btc-training.eu\/sv\/wp-json\/wp\/v2\/pages\/744","targetHints":{"allow":["GET"]}}],"collection":[{"href":"https:\/\/btc-training.eu\/sv\/wp-json\/wp\/v2\/pages"}],"about":[{"href":"https:\/\/btc-training.eu\/sv\/wp-json\/wp\/v2\/types\/page"}],"author":[{"embeddable":true,"href":"https:\/\/btc-training.eu\/sv\/wp-json\/wp\/v2\/users\/1"}],"replies":[{"embeddable":true,"href":"https:\/\/btc-training.eu\/sv\/wp-json\/wp\/v2\/comments?post=744"}],"version-history":[{"count":20,"href":"https:\/\/btc-training.eu\/sv\/wp-json\/wp\/v2\/pages\/744\/revisions"}],"predecessor-version":[{"id":1114,"href":"https:\/\/btc-training.eu\/sv\/wp-json\/wp\/v2\/pages\/744\/revisions\/1114"}],"wp:attachment":[{"href":"https:\/\/btc-training.eu\/sv\/wp-json\/wp\/v2\/media?parent=744"}],"curies":[{"name":"wp","href":"https:\/\/api.w.org\/{rel}","templated":true}]}}