{"id":743,"date":"2024-06-10T10:26:05","date_gmt":"2024-06-10T10:26:05","guid":{"rendered":"https:\/\/btc-training.eu\/research\/"},"modified":"2024-06-27T07:25:05","modified_gmt":"2024-06-27T07:25:05","slug":"research","status":"publish","type":"page","link":"https:\/\/btc-training.eu\/es\/research\/","title":{"rendered":"Informes"},"content":{"rendered":"\t\t<div data-elementor-type=\"wp-page\" data-elementor-id=\"743\" class=\"elementor elementor-743 elementor-714\">\n\t\t\t\t\t\t\t<div class=\"elementor-element elementor-element-fa22f66 e-con-full e-flex e-con e-parent\" data-id=\"fa22f66\" data-element_type=\"container\" data-settings=\"{&quot;content_width&quot;:&quot;full&quot;,&quot;background_background&quot;:&quot;classic&quot;}\" data-core-v316-plus=\"true\">\n\t\t<div class=\"elementor-element elementor-element-7464f6f e-flex e-con-boxed e-con e-child\" data-id=\"7464f6f\" data-element_type=\"container\" data-settings=\"{&quot;content_width&quot;:&quot;boxed&quot;}\">\n\t\t\t\t\t<div class=\"e-con-inner\">\n\t\t\t\t<div class=\"elementor-element elementor-element-3f9ff16 elementor-widget elementor-widget-heading\" data-id=\"3f9ff16\" data-element_type=\"widget\" data-widget_type=\"heading.default\">\n\t\t\t\t<div class=\"elementor-widget-container\">\n\t\t\t<style>\/*! elementor - v3.18.0 - 20-12-2023 *\/\n.elementor-heading-title{padding:0;margin:0;line-height:1}.elementor-widget-heading .elementor-heading-title[class*=elementor-size-]>a{color:inherit;font-size:inherit;line-height:inherit}.elementor-widget-heading .elementor-heading-title.elementor-size-small{font-size:15px}.elementor-widget-heading .elementor-heading-title.elementor-size-medium{font-size:19px}.elementor-widget-heading .elementor-heading-title.elementor-size-large{font-size:29px}.elementor-widget-heading .elementor-heading-title.elementor-size-xl{font-size:39px}.elementor-widget-heading .elementor-heading-title.elementor-size-xxl{font-size:59px}<\/style><h2 class=\"elementor-heading-title elementor-size-default\">Informes <\/h2>\t\t<\/div>\n\t\t\t\t<\/div>\n\t\t\t\t\t<\/div>\n\t\t\t\t<\/div>\n\t\t\t\t<\/div>\n\t\t<div class=\"elementor-element elementor-element-d54950d e-flex e-con-boxed e-con e-parent\" data-id=\"d54950d\" data-element_type=\"container\" data-settings=\"{&quot;content_width&quot;:&quot;boxed&quot;}\" data-core-v316-plus=\"true\">\n\t\t\t\t\t<div class=\"e-con-inner\">\n\t\t<div class=\"elementor-element elementor-element-fc80b30 e-flex e-con-boxed e-con e-child\" data-id=\"fc80b30\" data-element_type=\"container\" data-settings=\"{&quot;content_width&quot;:&quot;boxed&quot;}\">\n\t\t\t\t\t<div class=\"e-con-inner\">\n\t\t\t\t<div class=\"elementor-element elementor-element-9c24d50 elementor-widget elementor-widget-text-editor\" data-id=\"9c24d50\" data-element_type=\"widget\" data-widget_type=\"text-editor.default\">\n\t\t\t\t<div class=\"elementor-widget-container\">\n\t\t\t<style>\/*! elementor - v3.18.0 - 20-12-2023 *\/\n.elementor-widget-text-editor.elementor-drop-cap-view-stacked .elementor-drop-cap{background-color:#69727d;color:#fff}.elementor-widget-text-editor.elementor-drop-cap-view-framed .elementor-drop-cap{color:#69727d;border:3px solid;background-color:transparent}.elementor-widget-text-editor:not(.elementor-drop-cap-view-default) .elementor-drop-cap{margin-top:8px}.elementor-widget-text-editor:not(.elementor-drop-cap-view-default) .elementor-drop-cap-letter{width:1em;height:1em}.elementor-widget-text-editor .elementor-drop-cap{float:left;text-align:center;line-height:1;font-size:50px}.elementor-widget-text-editor .elementor-drop-cap-letter{display:inline-block}<\/style>\t\t\t\t<p><strong>Desaf\u00edos e iniciativas educativas relacionadas con la desconexi\u00f3n de los j\u00f3venes y la ciudadan\u00eda activa en Suecia, Espa\u00f1a y Grecia: una revisi\u00f3n de la literatura<\/strong><\/p><p>Esta exhaustiva revisi\u00f3n de la literatura explora sistem\u00e1ticamente los desaf\u00edos e iniciativas educativas relacionadas con la desconexi\u00f3n juvenil y la ciudadan\u00eda activa en Suecia, Espa\u00f1a y Grecia. El estudio profundiza en la intersecci\u00f3n entre el emprendimiento juvenil, el abandono escolar prematuro y el desarrollo de habilidades del siglo XXI en el contexto de la ciudadan\u00eda activa en estas naciones. Los obst\u00e1culos que obstaculizan el emprendimiento juvenil incluyen actitudes sociales y brechas de habilidades. Las recomendaciones incluyen fomentar asociaciones s\u00f3lidas entre la industria y el mundo acad\u00e9mico, mejorar continuamente los planes de estudio y realizar investigaciones espec\u00edficas centradas en grupos demogr\u00e1ficos espec\u00edficos. La revisi\u00f3n de la literatura proporciona informaci\u00f3n valiosa sobre la ciudadan\u00eda activa, enfatizando la colaboraci\u00f3n democr\u00e1tica, el equilibrio entre derechos y responsabilidades y los impactos positivos resultantes en las \u00e1reas social y ambiental. Los desaf\u00edos que enfrentan los ninis est\u00e1n estrechamente relacionados con los problemas de inclusi\u00f3n en el aula y las recesiones econ\u00f3micas.<\/p>\t\t\t\t\t\t<\/div>\n\t\t\t\t<\/div>\n\t\t\t\t<div class=\"elementor-element elementor-element-19703cb elementor-widget elementor-widget-button\" data-id=\"19703cb\" data-element_type=\"widget\" data-widget_type=\"button.default\">\n\t\t\t\t<div class=\"elementor-widget-container\">\n\t\t\t\t\t<div class=\"elementor-button-wrapper\">\n\t\t\t<a class=\"elementor-button elementor-button-link elementor-size-md\" href=\"https:\/\/drive.google.com\/file\/d\/1fI0fMQrINsHmjfcaA4ufebFZHSD6AEXD\/view?usp=drive_link\" target=\"_blank\">\n\t\t\t\t\t\t<span class=\"elementor-button-content-wrapper\">\n\t\t\t\t\t\t<span class=\"elementor-button-text\">Para leer nuestra Revisi\u00f3n de Literatura Com\u00fan, presione aqu\u00ed<\/span>\n\t\t<\/span>\n\t\t\t\t\t<\/a>\n\t\t<\/div>\n\t\t\t\t<\/div>\n\t\t\t\t<\/div>\n\t\t\t\t\t<\/div>\n\t\t\t\t<\/div>\n\t\t\t\t\t<\/div>\n\t\t\t\t<\/div>\n\t\t\t\t\t\t\t<\/div>\n\t\t","protected":false},"excerpt":{"rendered":"<p>Informes Desaf\u00edos e iniciativas educativas relacionadas con la desconexi\u00f3n de los j\u00f3venes y la ciudadan\u00eda activa en Suecia, Espa\u00f1a y Grecia: una revisi\u00f3n de la literatura Esta exhaustiva revisi\u00f3n de la literatura explora sistem\u00e1ticamente los desaf\u00edos e iniciativas educativas relacionadas con la desconexi\u00f3n juvenil y la ciudadan\u00eda activa en Suecia, Espa\u00f1a y Grecia. El estudio [&hellip;]<\/p>\n","protected":false},"author":1,"featured_media":0,"parent":0,"menu_order":0,"comment_status":"closed","ping_status":"closed","template":"","meta":{"footnotes":""},"class_list":["post-743","page","type-page","status-publish","hentry"],"_links":{"self":[{"href":"https:\/\/btc-training.eu\/es\/wp-json\/wp\/v2\/pages\/743","targetHints":{"allow":["GET"]}}],"collection":[{"href":"https:\/\/btc-training.eu\/es\/wp-json\/wp\/v2\/pages"}],"about":[{"href":"https:\/\/btc-training.eu\/es\/wp-json\/wp\/v2\/types\/page"}],"author":[{"embeddable":true,"href":"https:\/\/btc-training.eu\/es\/wp-json\/wp\/v2\/users\/1"}],"replies":[{"embeddable":true,"href":"https:\/\/btc-training.eu\/es\/wp-json\/wp\/v2\/comments?post=743"}],"version-history":[{"count":12,"href":"https:\/\/btc-training.eu\/es\/wp-json\/wp\/v2\/pages\/743\/revisions"}],"predecessor-version":[{"id":1118,"href":"https:\/\/btc-training.eu\/es\/wp-json\/wp\/v2\/pages\/743\/revisions\/1118"}],"wp:attachment":[{"href":"https:\/\/btc-training.eu\/es\/wp-json\/wp\/v2\/media?parent=743"}],"curies":[{"name":"wp","href":"https:\/\/api.w.org\/{rel}","templated":true}]}}